{"id":10397,"date":"2021-07-21T19:24:25","date_gmt":"2021-07-21T17:24:25","guid":{"rendered":"https:\/\/www.seopress.org\/es\/acerca-de-seopress\/"},"modified":"2026-03-27T14:40:32","modified_gmt":"2026-03-27T13:40:32","slug":"acerca-de-seopress","status":"publish","type":"page","link":"https:\/\/www.seopress.org\/es\/acerca-de-seopress\/","title":{"rendered":"Acerca de SEOPress"},"content":{"rendered":"","protected":false},"excerpt":{"rendered":"","protected":false},"author":1,"featured_media":0,"parent":0,"menu_order":9,"comment_status":"closed","ping_status":"closed","template":"tpl-about.php","meta":{"_seopress_robots_primary_cat":"","_seopress_titles_title":"","_seopress_titles_desc":"Empresa totalmente aut\u00f3noma con sede en el Pa\u00eds Vasco, Francia, nuestra misi\u00f3n es ofrecer una soluci\u00f3n asequible y todo en uno para optimizar los sitios de WordPress para motores de b\u00fasqueda.\r\nFreelance o agencia web, peque\u00f1a empresa o multinacional; \u00a1SEOPress est\u00e1 hecho para ti!","_seopress_robots_index":"","_relevanssi_hide_post":"","_relevanssi_hide_content":"","_relevanssi_pin_for_all":"","_relevanssi_pin_keywords":"","_relevanssi_unpin_keywords":"","_relevanssi_related_keywords":"","_relevanssi_related_include_ids":"","_relevanssi_related_exclude_ids":"","_relevanssi_related_no_append":"","_relevanssi_related_not_related":"","_relevanssi_related_posts":"","_relevanssi_noindex_reason":"","editor_notices":[],"footnotes":""},"class_list":["post-10397","page","type-page","status-publish"],"acf":[],"_links":{"self":[{"href":"https:\/\/www.seopress.org\/es\/wp-json\/wp\/v2\/pages\/10397","targetHints":{"allow":["GET"]}}],"collection":[{"href":"https:\/\/www.seopress.org\/es\/wp-json\/wp\/v2\/pages"}],"about":[{"href":"https:\/\/www.seopress.org\/es\/wp-json\/wp\/v2\/types\/page"}],"author":[{"embeddable":true,"href":"https:\/\/www.seopress.org\/es\/wp-json\/wp\/v2\/users\/1"}],"replies":[{"embeddable":true,"href":"https:\/\/www.seopress.org\/es\/wp-json\/wp\/v2\/comments?post=10397"}],"version-history":[{"count":0,"href":"https:\/\/www.seopress.org\/es\/wp-json\/wp\/v2\/pages\/10397\/revisions"}],"wp:attachment":[{"href":"https:\/\/www.seopress.org\/es\/wp-json\/wp\/v2\/media?parent=10397"}],"curies":[{"name":"wp","href":"https:\/\/api.w.org\/{rel}","templated":true}]}}