{"id":13916,"date":"2022-04-29T15:55:39","date_gmt":"2022-04-29T13:55:39","guid":{"rendered":"https:\/\/www.seopress.org\/es\/?page_id=13916"},"modified":"2024-03-05T11:03:21","modified_gmt":"2024-03-05T10:03:21","slug":"seopress-pro-nulled","status":"publish","type":"page","link":"https:\/\/www.seopress.org\/es\/seopress-pro-nulled\/","title":{"rendered":"SEOPress PRO Nulled"},"content":{"rendered":"<h2>No descargue la versi\u00f3n Nulled de SEOPress PRO de sitios de terceros.<\/h2>\n<p><strong><span class=\"p-3 bg-light rounded fw-bold d-inline-block w-100\">Aqu\u00ed hay 5 razones principales para usar siempre las versiones oficiales de nuestros productos SEOPress.<\/span><\/strong><\/p>\n<h3>#1 &#8211; Seguridad<\/h3>\n<p>La mayor\u00eda de las versiones anuladas est\u00e1n pirateadas. Es decir, los piratas inform\u00e1ticos inyectan puertas traseras en los archivos de la extensi\u00f3n para recuperar sus datos. En un sitio de comercio electr\u00f3nico con miles de clientes, esto tendr\u00e1 un impacto desastroso. Tambi\u00e9n tendr\u00e1 la obligaci\u00f3n de denunciar p\u00fablicamente cualquier intrusi\u00f3n\/robo de datos seg\u00fan las leyes europeas bajo pena de sanciones. Mala publicidad para su negocio en l\u00ednea.<\/p>\n<h3>#2 &#8211; Correo no deseado<\/h3>\n<p>Las versiones anuladas modifican la extensi\u00f3n para agregar anuncios en la interfaz, enlaces de afiliados en las traducciones y otros v\u00ednculos de retroceso en el front-end de su sitio para hacer black hat SEO. La forma m\u00e1s r\u00e1pida de arruinar su experiencia de usuario e impactar negativamente en el SEO de su sitio de WordPress.<\/p>\n<h3>#3 &#8211; Atenci\u00f3n al cliente<\/h3>\n<p>\u00bfUn problema de compatibilidad? \u00bfUn error fatal? \u00bfAlg\u00fan error? Al adquirir una licencia oficial, te beneficias de asistencia t\u00e9cnica por correo electr\u00f3nico para ayudarte a solucionar cualquier posible problema que surja con uno de nuestros productos. Y esto en un m\u00ednimo de tiempo porque sabemos que es precioso para ti.<\/p>\n<h3>#4 &#8211; Actualizaciones<\/h3>\n<p>Ahorre tiempo actualizando autom\u00e1ticamente (no manualmente) su flota de sitios de WordPress. Deje de perder el tiempo esperando una versi\u00f3n actualizada de Nulled con las \u00faltimas funciones y correcciones (incluidas las de seguridad).<\/p>\n<h3>#5 &#8211; Est\u00e1s destruyendo el fruto de nuestro trabajo<\/h3>\n<p>La pirater\u00eda perjudica gravemente a los desarrolladores. \u00a1Todo trabajo amerita salario! Al utilizar versiones pirateadas de SEOPress, se reduce la innovaci\u00f3n, la capacidad de desarrollo de la empresa, sus posibilidades de acci\u00f3n, contrataci\u00f3n y asunci\u00f3n de riesgos.<\/p>\n<h2>No a las versiones anuladas. \u00a1S\u00ed a la versi\u00f3n gratuita de SEOPress!<\/h2>\n<p>\u00bfEntiende nuestras razones para recomendarle que no descargue versiones anuladas pero no puede pagar nuestros productos pagados?<\/p>\n<p>Bueno, sepa que ofrecemos una <a href=\"https:\/\/www.seopress.org\/es\/complementos-wordpress-seo\/seopress-free\/\">versi\u00f3n gratuita de SEOPress<\/a> para comenzar, el momento de que su sitio genere ingresos.<\/p>\n<p>Cuando est\u00e9 listo para convertirse en PRO, la licencia solo le costar\u00e1 $ 49 por 1 a\u00f1o de soporte y actualizaciones.<\/p>\n<p>&nbsp;<\/p>\n","protected":false},"excerpt":{"rendered":"<p>No descargue la versi\u00f3n Nulled de SEOPress PRO de sitios de terceros. Aqu\u00ed hay&#8230;<\/p>\n","protected":false},"author":1,"featured_media":0,"parent":0,"menu_order":5,"comment_status":"closed","ping_status":"closed","template":"tpl-nulled.php","meta":{"_seopress_robots_primary_cat":"","_seopress_titles_title":"Descargar SEOPress PRO Nulled gratis - Complemento SEO para WordPress","_seopress_titles_desc":"","_seopress_robots_index":"","_relevanssi_hide_post":"","_relevanssi_hide_content":"","_relevanssi_pin_for_all":"","_relevanssi_pin_keywords":"","_relevanssi_unpin_keywords":"","_relevanssi_related_keywords":"","_relevanssi_related_include_ids":"","_relevanssi_related_exclude_ids":"","_relevanssi_related_no_append":"","_relevanssi_related_not_related":"","_relevanssi_related_posts":"","_relevanssi_noindex_reason":"","editor_notices":[],"footnotes":""},"class_list":["post-13916","page","type-page","status-publish"],"acf":[],"_links":{"self":[{"href":"https:\/\/www.seopress.org\/es\/wp-json\/wp\/v2\/pages\/13916","targetHints":{"allow":["GET"]}}],"collection":[{"href":"https:\/\/www.seopress.org\/es\/wp-json\/wp\/v2\/pages"}],"about":[{"href":"https:\/\/www.seopress.org\/es\/wp-json\/wp\/v2\/types\/page"}],"author":[{"embeddable":true,"href":"https:\/\/www.seopress.org\/es\/wp-json\/wp\/v2\/users\/1"}],"replies":[{"embeddable":true,"href":"https:\/\/www.seopress.org\/es\/wp-json\/wp\/v2\/comments?post=13916"}],"version-history":[{"count":0,"href":"https:\/\/www.seopress.org\/es\/wp-json\/wp\/v2\/pages\/13916\/revisions"}],"wp:attachment":[{"href":"https:\/\/www.seopress.org\/es\/wp-json\/wp\/v2\/media?parent=13916"}],"curies":[{"name":"wp","href":"https:\/\/api.w.org\/{rel}","templated":true}]}}