{"id":17311,"date":"2023-03-04T18:35:41","date_gmt":"2023-03-04T17:35:41","guid":{"rendered":"https:\/\/www.seopress.org\/es\/?page_id=17311"},"modified":"2026-04-30T11:57:27","modified_gmt":"2026-04-30T09:57:27","slug":"resenas-de-usuarios-de-seopress","status":"publish","type":"page","link":"https:\/\/www.seopress.org\/es\/testimonio\/","title":{"rendered":"Rese\u00f1as y casos pr\u00e1cticos"},"content":{"rendered":"<p>Explore los testimonios de nuestros clientes para descubrir el complemento SEO para WordPress m\u00e1s asequible del mercado.<\/p>\n","protected":false},"excerpt":{"rendered":"<p>Explore los testimonios de nuestros clientes para descubrir el complemento SEO para WordPress m\u00e1s&#8230;<\/p>\n","protected":false},"author":1,"featured_media":0,"parent":10397,"menu_order":4,"comment_status":"closed","ping_status":"closed","template":"tpl-testimonials.php","meta":{"_seopress_robots_primary_cat":"","_seopress_titles_title":"Rese\u00f1as de SEOPress: m\u00e1s de 1200 testimonios de usuarios con cinco estrellas.","_seopress_titles_desc":"Lee rese\u00f1as reales de usuarios de SEOPress de todo el mundo. Blogueros, agencias y desarrolladores comparten por qu\u00e9 eligieron el plugin de SEO para WordPress m\u00e1s econ\u00f3mico.","_seopress_robots_index":"","_relevanssi_hide_post":"","_relevanssi_hide_content":"","_relevanssi_pin_for_all":"","_relevanssi_pin_keywords":"","_relevanssi_unpin_keywords":"","_relevanssi_related_keywords":"","_relevanssi_related_include_ids":"","_relevanssi_related_exclude_ids":"","_relevanssi_related_no_append":"","_relevanssi_related_not_related":"","_relevanssi_related_posts":"","_relevanssi_noindex_reason":"","editor_notices":[],"footnotes":""},"class_list":["post-17311","page","type-page","status-publish"],"acf":[],"_links":{"self":[{"href":"https:\/\/www.seopress.org\/es\/wp-json\/wp\/v2\/pages\/17311","targetHints":{"allow":["GET"]}}],"collection":[{"href":"https:\/\/www.seopress.org\/es\/wp-json\/wp\/v2\/pages"}],"about":[{"href":"https:\/\/www.seopress.org\/es\/wp-json\/wp\/v2\/types\/page"}],"author":[{"embeddable":true,"href":"https:\/\/www.seopress.org\/es\/wp-json\/wp\/v2\/users\/1"}],"replies":[{"embeddable":true,"href":"https:\/\/www.seopress.org\/es\/wp-json\/wp\/v2\/comments?post=17311"}],"version-history":[{"count":1,"href":"https:\/\/www.seopress.org\/es\/wp-json\/wp\/v2\/pages\/17311\/revisions"}],"predecessor-version":[{"id":25233,"href":"https:\/\/www.seopress.org\/es\/wp-json\/wp\/v2\/pages\/17311\/revisions\/25233"}],"up":[{"embeddable":true,"href":"https:\/\/www.seopress.org\/es\/wp-json\/wp\/v2\/pages\/10397"}],"wp:attachment":[{"href":"https:\/\/www.seopress.org\/es\/wp-json\/wp\/v2\/media?parent=17311"}],"curies":[{"name":"wp","href":"https:\/\/api.w.org\/{rel}","templated":true}]}}