{"id":22095,"date":"2024-03-01T09:43:05","date_gmt":"2024-03-01T08:43:05","guid":{"rendered":"https:\/\/www.seopress.org\/es\/?page_id=22095"},"modified":"2026-04-30T12:11:28","modified_gmt":"2026-04-30T10:11:28","slug":"precios","status":"publish","type":"page","link":"https:\/\/www.seopress.org\/es\/precios\/","title":{"rendered":"Posicionarse m\u00e1s alto en los motores de b\u00fasqueda con SEOPress hoy"},"content":{"rendered":"","protected":false},"excerpt":{"rendered":"","protected":false},"author":1,"featured_media":0,"parent":0,"menu_order":3,"comment_status":"closed","ping_status":"closed","template":"tpl-pricing-2024.php","meta":{"_seopress_robots_primary_cat":"","_seopress_titles_title":"Precios de SEOPress: Planes de plugins SEO para WordPress a precios asequibles","_seopress_titles_desc":"Precios transparentes para SEOPress PRO e Insights. Desde $49 al a\u00f1o. Sin costes ocultos. Renueva al mismo precio cada a\u00f1o. Con la confianza de m\u00e1s de 23\u00a0000 clientes premium.","_seopress_robots_index":"","_relevanssi_hide_post":"","_relevanssi_hide_content":"","_relevanssi_pin_for_all":"","_relevanssi_pin_keywords":"","_relevanssi_unpin_keywords":"","_relevanssi_related_keywords":"","_relevanssi_related_include_ids":"","_relevanssi_related_exclude_ids":"","_relevanssi_related_no_append":"","_relevanssi_related_not_related":"","_relevanssi_related_posts":"","_relevanssi_noindex_reason":"","editor_notices":[],"footnotes":""},"class_list":["post-22095","page","type-page","status-publish"],"acf":[],"_links":{"self":[{"href":"https:\/\/www.seopress.org\/es\/wp-json\/wp\/v2\/pages\/22095","targetHints":{"allow":["GET"]}}],"collection":[{"href":"https:\/\/www.seopress.org\/es\/wp-json\/wp\/v2\/pages"}],"about":[{"href":"https:\/\/www.seopress.org\/es\/wp-json\/wp\/v2\/types\/page"}],"author":[{"embeddable":true,"href":"https:\/\/www.seopress.org\/es\/wp-json\/wp\/v2\/users\/1"}],"replies":[{"embeddable":true,"href":"https:\/\/www.seopress.org\/es\/wp-json\/wp\/v2\/comments?post=22095"}],"version-history":[{"count":2,"href":"https:\/\/www.seopress.org\/es\/wp-json\/wp\/v2\/pages\/22095\/revisions"}],"predecessor-version":[{"id":25235,"href":"https:\/\/www.seopress.org\/es\/wp-json\/wp\/v2\/pages\/22095\/revisions\/25235"}],"wp:attachment":[{"href":"https:\/\/www.seopress.org\/es\/wp-json\/wp\/v2\/media?parent=22095"}],"curies":[{"name":"wp","href":"https:\/\/api.w.org\/{rel}","templated":true}]}}