{"id":118843,"date":"2024-03-01T09:41:19","date_gmt":"2024-03-01T08:41:19","guid":{"rendered":"https:\/\/www.seopress.org\/fr\/?page_id=118843"},"modified":"2026-04-30T12:10:53","modified_gmt":"2026-04-30T10:10:53","slug":"tarifs","status":"publish","type":"page","link":"https:\/\/www.seopress.org\/fr\/tarifs\/","title":{"rendered":"Augmentez votre visibilit\u00e9 dans les moteurs de recherche avec SEOPress"},"content":{"rendered":"","protected":false},"excerpt":{"rendered":"","protected":false},"author":1,"featured_media":0,"parent":0,"menu_order":5,"comment_status":"closed","ping_status":"closed","template":"tpl-pricing-2024.php","meta":{"_seopress_robots_primary_cat":"","_seopress_titles_title":"Tarifs SEOPress - Formules SEO WordPress abordables","_seopress_titles_desc":"Tarification transparente pour SEOPress PRO et Insights. \u00c0 partir de 49 $\/an. Aucun frais cach\u00e9. Renouvellement au m\u00eame prix chaque ann\u00e9e. Plus de 23\u00a0000 clients premium nous font confiance.","_seopress_robots_index":"","_relevanssi_hide_post":"","_relevanssi_hide_content":"","_relevanssi_pin_for_all":"","_relevanssi_pin_keywords":"","_relevanssi_unpin_keywords":"","_relevanssi_related_keywords":"","_relevanssi_related_include_ids":"","_relevanssi_related_exclude_ids":"","_relevanssi_related_no_append":"","_relevanssi_related_not_related":"","_relevanssi_related_posts":"","_relevanssi_noindex_reason":"","editor_notices":[],"footnotes":""},"class_list":["post-118843","page","type-page","status-publish"],"acf":[],"_links":{"self":[{"href":"https:\/\/www.seopress.org\/fr\/wp-json\/wp\/v2\/pages\/118843","targetHints":{"allow":["GET"]}}],"collection":[{"href":"https:\/\/www.seopress.org\/fr\/wp-json\/wp\/v2\/pages"}],"about":[{"href":"https:\/\/www.seopress.org\/fr\/wp-json\/wp\/v2\/types\/page"}],"author":[{"embeddable":true,"href":"https:\/\/www.seopress.org\/fr\/wp-json\/wp\/v2\/users\/1"}],"replies":[{"embeddable":true,"href":"https:\/\/www.seopress.org\/fr\/wp-json\/wp\/v2\/comments?post=118843"}],"version-history":[{"count":2,"href":"https:\/\/www.seopress.org\/fr\/wp-json\/wp\/v2\/pages\/118843\/revisions"}],"predecessor-version":[{"id":146103,"href":"https:\/\/www.seopress.org\/fr\/wp-json\/wp\/v2\/pages\/118843\/revisions\/146103"}],"wp:attachment":[{"href":"https:\/\/www.seopress.org\/fr\/wp-json\/wp\/v2\/media?parent=118843"}],"curies":[{"name":"wp","href":"https:\/\/api.w.org\/{rel}","templated":true}]}}