{"id":41754,"date":"2021-07-21T19:30:51","date_gmt":"2021-07-21T17:30:51","guid":{"rendered":"https:\/\/www.seopress.org\/fr\/mon-compte\/mes-telechargements\/"},"modified":"2024-03-26T16:43:10","modified_gmt":"2024-03-26T15:43:10","slug":"mes-telechargements","status":"publish","type":"page","link":"https:\/\/www.seopress.org\/fr\/mon-compte\/mes-telechargements\/","title":{"rendered":"Mes t\u00e9l\u00e9chargements"},"content":{"rendered":"<div class=\"alert alert-primary\">T\u00e9l\u00e9chargez toujours la derni\u00e8re version disponible. Les versions pr\u00e9c\u00e9dentes des extensions peuvent ne pas \u00eatre s\u00e9curis\u00e9es ou stables. Elles ne sont pas recommand\u00e9es pour des sites en production.<br \/>\nSi vous avez besoin de revenir \u00e0 une version pr\u00e9c\u00e9dente, <a href=\"https:\/\/www.seopress.org\/fr\/support\/guides\/revenir-a-une-version-anterieure-de-seopress\/\">lisez notre guide<\/a>.<br \/>\nSi votre abonnement a expir\u00e9, vous <a href=\"https:\/\/www.seopress.org\/fr\/mon-compte\/mes-abonnements\/\"><strong>devrez le renouveler<\/strong><\/a> pour t\u00e9l\u00e9charger vos fichiers.<\/div>\n\n","protected":false},"excerpt":{"rendered":"<p>T\u00e9l\u00e9chargez toujours la derni\u00e8re version disponible. Les versions pr\u00e9c\u00e9dentes des extensions peuvent ne pas&#8230;<\/p>\n","protected":false},"author":1,"featured_media":0,"parent":41752,"menu_order":27,"comment_status":"closed","ping_status":"closed","template":"tpl-account.php","meta":{"_seopress_robots_primary_cat":"","_seopress_titles_title":"","_seopress_titles_desc":"","_seopress_robots_index":"yes","_relevanssi_hide_post":"on","_relevanssi_hide_content":"","_relevanssi_pin_for_all":"","_relevanssi_pin_keywords":"","_relevanssi_unpin_keywords":"","_relevanssi_related_keywords":"","_relevanssi_related_include_ids":"","_relevanssi_related_exclude_ids":"","_relevanssi_related_no_append":"","_relevanssi_related_not_related":"","_relevanssi_related_posts":"","_relevanssi_noindex_reason":"Exclusi\u00f3n del \u00edndice de Relevanssi","editor_notices":[],"footnotes":""},"class_list":["post-41754","page","type-page","status-publish"],"acf":[],"_links":{"self":[{"href":"https:\/\/www.seopress.org\/fr\/wp-json\/wp\/v2\/pages\/41754","targetHints":{"allow":["GET"]}}],"collection":[{"href":"https:\/\/www.seopress.org\/fr\/wp-json\/wp\/v2\/pages"}],"about":[{"href":"https:\/\/www.seopress.org\/fr\/wp-json\/wp\/v2\/types\/page"}],"author":[{"embeddable":true,"href":"https:\/\/www.seopress.org\/fr\/wp-json\/wp\/v2\/users\/1"}],"replies":[{"embeddable":true,"href":"https:\/\/www.seopress.org\/fr\/wp-json\/wp\/v2\/comments?post=41754"}],"version-history":[{"count":0,"href":"https:\/\/www.seopress.org\/fr\/wp-json\/wp\/v2\/pages\/41754\/revisions"}],"up":[{"embeddable":true,"href":"https:\/\/www.seopress.org\/fr\/wp-json\/wp\/v2\/pages\/41752"}],"wp:attachment":[{"href":"https:\/\/www.seopress.org\/fr\/wp-json\/wp\/v2\/media?parent=41754"}],"curies":[{"name":"wp","href":"https:\/\/api.w.org\/{rel}","templated":true}]}}