{"id":41756,"date":"2021-07-21T19:32:58","date_gmt":"2021-07-21T17:32:58","guid":{"rendered":"https:\/\/www.seopress.org\/fr\/mon-compte\/sinscrire\/"},"modified":"2024-04-26T11:42:23","modified_gmt":"2024-04-26T09:42:23","slug":"sinscrire","status":"publish","type":"page","link":"https:\/\/www.seopress.org\/fr\/mon-compte\/sinscrire\/","title":{"rendered":"S\u2019inscrire"},"content":{"rendered":"<div class=\"alert alert-info\">Tous les champs sont obligatoires.<br \/>\nLes sujets du site sans rapport avec le r\u00e9f\u00e9rencement, WordPress et le Web en g\u00e9n\u00e9ral ne seront pas approuv\u00e9s.<br \/>\nAinsi que des sites de coupons\/r\u00e9ductions et \/ ou en construction.<\/div>\n","protected":false},"excerpt":{"rendered":"<p>Tous les champs sont obligatoires. Les sujets du site sans rapport avec le r\u00e9f\u00e9rencement,&#8230;<\/p>\n","protected":false},"author":1,"featured_media":0,"parent":41752,"menu_order":35,"comment_status":"closed","ping_status":"closed","template":"tpl-register.php","meta":{"_seopress_robots_primary_cat":"","_seopress_titles_title":"","_seopress_titles_desc":"","_seopress_robots_index":"yes","_relevanssi_hide_post":"on","_relevanssi_hide_content":"","_relevanssi_pin_for_all":"","_relevanssi_pin_keywords":"","_relevanssi_unpin_keywords":"","_relevanssi_related_keywords":"","_relevanssi_related_include_ids":"","_relevanssi_related_exclude_ids":"","_relevanssi_related_no_append":"","_relevanssi_related_not_related":"","_relevanssi_related_posts":"","_relevanssi_noindex_reason":"Exclusi\u00f3n del \u00edndice de Relevanssi","editor_notices":[],"footnotes":""},"class_list":["post-41756","page","type-page","status-publish"],"acf":[],"_links":{"self":[{"href":"https:\/\/www.seopress.org\/fr\/wp-json\/wp\/v2\/pages\/41756","targetHints":{"allow":["GET"]}}],"collection":[{"href":"https:\/\/www.seopress.org\/fr\/wp-json\/wp\/v2\/pages"}],"about":[{"href":"https:\/\/www.seopress.org\/fr\/wp-json\/wp\/v2\/types\/page"}],"author":[{"embeddable":true,"href":"https:\/\/www.seopress.org\/fr\/wp-json\/wp\/v2\/users\/1"}],"replies":[{"embeddable":true,"href":"https:\/\/www.seopress.org\/fr\/wp-json\/wp\/v2\/comments?post=41756"}],"version-history":[{"count":0,"href":"https:\/\/www.seopress.org\/fr\/wp-json\/wp\/v2\/pages\/41756\/revisions"}],"up":[{"embeddable":true,"href":"https:\/\/www.seopress.org\/fr\/wp-json\/wp\/v2\/pages\/41752"}],"wp:attachment":[{"href":"https:\/\/www.seopress.org\/fr\/wp-json\/wp\/v2\/media?parent=41756"}],"curies":[{"name":"wp","href":"https:\/\/api.w.org\/{rel}","templated":true}]}}