{"id":43352,"date":"2021-10-14T11:16:46","date_gmt":"2021-10-14T09:16:46","guid":{"rendered":"https:\/\/www.seopress.org\/fr\/?page_id=43352"},"modified":"2025-01-03T15:54:46","modified_gmt":"2025-01-03T14:54:46","slug":"abonnez-vous-a-notre-lettre-dinformation","status":"publish","type":"page","link":"https:\/\/www.seopress.org\/fr\/abonnez-vous\/","title":{"rendered":"Abonnez-vous \u00e0 notre lettre d&rsquo;information sur le SEO"},"content":{"rendered":"","protected":false},"excerpt":{"rendered":"","protected":false},"author":1,"featured_media":0,"parent":38319,"menu_order":13,"comment_status":"closed","ping_status":"closed","template":"tpl-subscribe.php","meta":{"_seopress_robots_primary_cat":"","_seopress_titles_title":"Newsletter SEO gratuite","_seopress_titles_desc":"Toutes les actualit\u00e9s SEO, les mises \u00e0 jour Google et les nouveaut\u00e9s produits SEOPress chaque mois. Rejoignez 50 000 abonn\u00e9s. C'est enti\u00e8rement gratuit !","_seopress_robots_index":"","_relevanssi_hide_post":"on","_relevanssi_hide_content":"","_relevanssi_pin_for_all":"","_relevanssi_pin_keywords":"","_relevanssi_unpin_keywords":"","_relevanssi_related_keywords":"","_relevanssi_related_include_ids":"","_relevanssi_related_exclude_ids":"","_relevanssi_related_no_append":"","_relevanssi_related_not_related":"","_relevanssi_related_posts":"","_relevanssi_noindex_reason":"Relevanssi index exclude","editor_notices":[],"footnotes":""},"class_list":["post-43352","page","type-page","status-publish"],"acf":[],"_links":{"self":[{"href":"https:\/\/www.seopress.org\/fr\/wp-json\/wp\/v2\/pages\/43352","targetHints":{"allow":["GET"]}}],"collection":[{"href":"https:\/\/www.seopress.org\/fr\/wp-json\/wp\/v2\/pages"}],"about":[{"href":"https:\/\/www.seopress.org\/fr\/wp-json\/wp\/v2\/types\/page"}],"author":[{"embeddable":true,"href":"https:\/\/www.seopress.org\/fr\/wp-json\/wp\/v2\/users\/1"}],"replies":[{"embeddable":true,"href":"https:\/\/www.seopress.org\/fr\/wp-json\/wp\/v2\/comments?post=43352"}],"version-history":[{"count":0,"href":"https:\/\/www.seopress.org\/fr\/wp-json\/wp\/v2\/pages\/43352\/revisions"}],"up":[{"embeddable":true,"href":"https:\/\/www.seopress.org\/fr\/wp-json\/wp\/v2\/pages\/38319"}],"wp:attachment":[{"href":"https:\/\/www.seopress.org\/fr\/wp-json\/wp\/v2\/media?parent=43352"}],"curies":[{"name":"wp","href":"https:\/\/api.w.org\/{rel}","templated":true}]}}