{"id":51337,"date":"2022-04-29T15:51:31","date_gmt":"2022-04-29T13:51:31","guid":{"rendered":"https:\/\/www.seopress.org\/fr\/?page_id=51337"},"modified":"2024-03-05T11:02:28","modified_gmt":"2024-03-05T10:02:28","slug":"seopress-pro-nulled","status":"publish","type":"page","link":"https:\/\/www.seopress.org\/fr\/seopress-pro-nulled\/","title":{"rendered":"SEOPress PRO Nulled"},"content":{"rendered":"<h2>Ne t\u00e9l\u00e9chargez pas de version Nulled de SEOPress PRO depuis des sites tiers.<\/h2>\n<p><span class=\"p-3 bg-light rounded fw-bold d-inline-block w-100\">Voici 5 raisons majeures d&rsquo;utiliser syst\u00e9matiquement les versions officielles de nos produits SEOPress.<\/span><\/p>\n<h3>#1 &#8211; La S\u00e9curit\u00e9<\/h3>\n<p>La plupart des versions Nulled sont v\u00e9rol\u00e9es. C&rsquo;est \u00e0 dire que des pirates injectent des portes d\u00e9rob\u00e9es dans les fichiers de l&rsquo;extension afin de r\u00e9cup\u00e9rer vos donn\u00e9es. Sur un site e-commerce avec des milliers de clients cela aura un impact d\u00e9sastreux. Vous aurez d&rsquo;ailleurs obligation de signaler publiquement toute intrusion \/ vol de donn\u00e9es selon les lois Europ\u00e9ennes sous peine de sanctions. Une tr\u00e8s mauvaise publicit\u00e9 pour votre business en ligne.<\/p>\n<h3>#2 &#8211; Le SPAM<\/h3>\n<p>Les versions Nulled modifient l&rsquo;extension pour ajouter des publicit\u00e9s dans l&rsquo;interface, liens affili\u00e9s dans les traductions et autre backlinks dans le front-end de votre site pour faire du black hat SEO. Le meilleur moyen de ruiner votre exp\u00e9rience utilisateur et d&rsquo;impacter n\u00e9gativement le r\u00e9f\u00e9rencement de votre site WordPress.<\/p>\n<h3>#3 &#8211; Le support client<\/h3>\n<p>Un soucis de compatibilit\u00e9 ? Une erreur fatale ? Un bug quelconque ? En achetant une licence officielle, vous b\u00e9n\u00e9ficiez de l&rsquo;assistance technique par mail pour vous aider \u00e0 solutionner tout probl\u00e8me \u00e9ventuel rencontr\u00e9 avec l&rsquo;un de nos produits. Et cela en un minimum de temps car nous savons qu&rsquo;il vous est pr\u00e9cieux.<\/p>\n<h3>#4 &#8211; Les mises \u00e0 jour<\/h3>\n<p>Gagnez du temps en mettant \u00e0 jour automatiquement (et non manuellement) votre parc de sites WordPress. Ne perdez plus de temps \u00e0 attendre la disponibilit\u00e9 d&rsquo;une version Nulled mise \u00e0 jour avec les derni\u00e8res fonctionnalit\u00e9s et correctifs (y compris ceux de s\u00e9curit\u00e9).<\/p>\n<h3>#5 &#8211; Vous d\u00e9truisez le fruit de notre travail<\/h3>\n<p>Le piratage nuit fortement aux d\u00e9veloppeurs. Tout travail m\u00e9rit\u00e9 salaire ! En utilisant des versions pirat\u00e9es de SEOPress, vous r\u00e9duisez l&rsquo;innovation, la capacit\u00e9 de d\u00e9veloppement de l&rsquo;entreprise, ses possibilit\u00e9s d&rsquo;actions, d&#8217;embauche et de prise de risque.<\/p>\n<h2>Non aux versions Nulled. Oui \u00e0 la version gratuite de SEOPress !<\/h2>\n<p>Vous comprenez nos raisons de vous inciter \u00e0 ne pas t\u00e9l\u00e9charger de versions Nulled mais vous n&rsquo;avez pas les moyens pour nos produits payants ?<\/p>\n<p>Et bien, sachez que nous mettons \u00e0 disposition une <a href=\"https:\/\/www.seopress.org\/fr\/extensions-seo-wordpress\/seopress-free\/\">version gratuite de SEOPress<\/a> pour d\u00e9buter, le temps \u00e0 votre site de g\u00e9n\u00e9rer des revenus.<\/p>\n<p>Quand vous \u00eates pr\u00eats \u00e0 passer PRO, la licence vous coutera seulement $49 pour 1 ann\u00e9e de support et de mises \u00e0 jours.<\/p>\n<p>&nbsp;<\/p>\n","protected":false},"excerpt":{"rendered":"<p>Ne t\u00e9l\u00e9chargez pas de version Nulled de SEOPress PRO depuis des sites tiers. Voici&#8230;<\/p>\n","protected":false},"author":1,"featured_media":0,"parent":0,"menu_order":9,"comment_status":"closed","ping_status":"closed","template":"tpl-nulled.php","meta":{"_seopress_robots_primary_cat":"","_seopress_titles_title":"T\u00e9l\u00e9chargez SEOPress PRO Nulled gratuitement - Extension SEO pour WordPress","_seopress_titles_desc":"","_seopress_robots_index":"","_relevanssi_hide_post":"","_relevanssi_hide_content":"","_relevanssi_pin_for_all":"","_relevanssi_pin_keywords":"","_relevanssi_unpin_keywords":"","_relevanssi_related_keywords":"","_relevanssi_related_include_ids":"","_relevanssi_related_exclude_ids":"","_relevanssi_related_no_append":"","_relevanssi_related_not_related":"","_relevanssi_related_posts":"","_relevanssi_noindex_reason":"","editor_notices":[],"footnotes":""},"class_list":["post-51337","page","type-page","status-publish"],"acf":[],"_links":{"self":[{"href":"https:\/\/www.seopress.org\/fr\/wp-json\/wp\/v2\/pages\/51337","targetHints":{"allow":["GET"]}}],"collection":[{"href":"https:\/\/www.seopress.org\/fr\/wp-json\/wp\/v2\/pages"}],"about":[{"href":"https:\/\/www.seopress.org\/fr\/wp-json\/wp\/v2\/types\/page"}],"author":[{"embeddable":true,"href":"https:\/\/www.seopress.org\/fr\/wp-json\/wp\/v2\/users\/1"}],"replies":[{"embeddable":true,"href":"https:\/\/www.seopress.org\/fr\/wp-json\/wp\/v2\/comments?post=51337"}],"version-history":[{"count":0,"href":"https:\/\/www.seopress.org\/fr\/wp-json\/wp\/v2\/pages\/51337\/revisions"}],"wp:attachment":[{"href":"https:\/\/www.seopress.org\/fr\/wp-json\/wp\/v2\/media?parent=51337"}],"curies":[{"name":"wp","href":"https:\/\/api.w.org\/{rel}","templated":true}]}}