{"id":75472,"date":"2023-03-04T18:40:19","date_gmt":"2023-03-04T17:40:19","guid":{"rendered":"https:\/\/www.seopress.org\/fr\/?page_id=75472"},"modified":"2026-04-30T11:56:59","modified_gmt":"2026-04-30T09:56:59","slug":"avis-utilisateurs-seopress","status":"publish","type":"page","link":"https:\/\/www.seopress.org\/fr\/temoignages\/","title":{"rendered":"T\u00e9moignages clients et \u00e9tudes de cas"},"content":{"rendered":"<p>D\u00e9couvrez notre plugin SEO pour WordPress le plus abordable sur le march\u00e9 \u00e0 travers les t\u00e9moignages de nos clients.<\/p>\n","protected":false},"excerpt":{"rendered":"<p>D\u00e9couvrez notre plugin SEO pour WordPress le plus abordable sur le march\u00e9 \u00e0 travers&#8230;<\/p>\n","protected":false},"author":1,"featured_media":0,"parent":38319,"menu_order":7,"comment_status":"closed","ping_status":"closed","template":"tpl-testimonials.php","meta":{"_seopress_robots_primary_cat":"","_seopress_titles_title":"Avis sur SEOPress\u00a0: plus de 1\u00a0200 t\u00e9moignages d\u2019utilisateurs cinq \u00e9toiles","_seopress_titles_desc":"D\u00e9couvrez les avis authentiques d\u2019utilisateurs de SEOPress du monde entier. Blogueurs, agences et d\u00e9veloppeurs expliquent pourquoi ils ont choisi l\u2019extension SEO WordPress la plus abordable.","_seopress_robots_index":"","_relevanssi_hide_post":"","_relevanssi_hide_content":"","_relevanssi_pin_for_all":"","_relevanssi_pin_keywords":"","_relevanssi_unpin_keywords":"","_relevanssi_related_keywords":"","_relevanssi_related_include_ids":"","_relevanssi_related_exclude_ids":"","_relevanssi_related_no_append":"","_relevanssi_related_not_related":"","_relevanssi_related_posts":"","_relevanssi_noindex_reason":"","editor_notices":[],"footnotes":""},"class_list":["post-75472","page","type-page","status-publish"],"acf":[],"_links":{"self":[{"href":"https:\/\/www.seopress.org\/fr\/wp-json\/wp\/v2\/pages\/75472","targetHints":{"allow":["GET"]}}],"collection":[{"href":"https:\/\/www.seopress.org\/fr\/wp-json\/wp\/v2\/pages"}],"about":[{"href":"https:\/\/www.seopress.org\/fr\/wp-json\/wp\/v2\/types\/page"}],"author":[{"embeddable":true,"href":"https:\/\/www.seopress.org\/fr\/wp-json\/wp\/v2\/users\/1"}],"replies":[{"embeddable":true,"href":"https:\/\/www.seopress.org\/fr\/wp-json\/wp\/v2\/comments?post=75472"}],"version-history":[{"count":1,"href":"https:\/\/www.seopress.org\/fr\/wp-json\/wp\/v2\/pages\/75472\/revisions"}],"predecessor-version":[{"id":146101,"href":"https:\/\/www.seopress.org\/fr\/wp-json\/wp\/v2\/pages\/75472\/revisions\/146101"}],"up":[{"embeddable":true,"href":"https:\/\/www.seopress.org\/fr\/wp-json\/wp\/v2\/pages\/38319"}],"wp:attachment":[{"href":"https:\/\/www.seopress.org\/fr\/wp-json\/wp\/v2\/media?parent=75472"}],"curies":[{"name":"wp","href":"https:\/\/api.w.org\/{rel}","templated":true}]}}